{"id":56,"date":"2024-03-26T04:15:39","date_gmt":"2024-03-26T04:15:39","guid":{"rendered":"https:\/\/vclatam.org\/?page_id=56"},"modified":"2024-09-14T01:29:45","modified_gmt":"2024-09-14T00:29:45","slug":"inicio","status":"publish","type":"page","link":"https:\/\/vclatam.org\/","title":{"rendered":"Inicio"},"content":{"rendered":"\t\t<div data-elementor-type=\"wp-page\" data-elementor-id=\"56\" class=\"elementor elementor-56\">\n\t\t\t\t<div data-particle_enable=\"false\" data-particle-mobile-disabled=\"false\" class=\"elementor-element elementor-element-06e293c e-con-full e-flex e-con e-parent\" data-id=\"06e293c\" data-element_type=\"container\" data-settings=\"{&quot;background_background&quot;:&quot;slideshow&quot;,&quot;background_slideshow_gallery&quot;:[{&quot;id&quot;:39,&quot;url&quot;:&quot;https:\\\/\\\/vclatam.org\\\/wp-content\\\/uploads\\\/2024\\\/03\\\/slider1.jpg&quot;},{&quot;id&quot;:40,&quot;url&quot;:&quot;https:\\\/\\\/vclatam.org\\\/wp-content\\\/uploads\\\/2024\\\/03\\\/slider2.jpg&quot;},{&quot;id&quot;:41,&quot;url&quot;:&quot;https:\\\/\\\/vclatam.org\\\/wp-content\\\/uploads\\\/2024\\\/03\\\/slider3.jpg&quot;},{&quot;id&quot;:43,&quot;url&quot;:&quot;https:\\\/\\\/vclatam.org\\\/wp-content\\\/uploads\\\/2024\\\/03\\\/slider5.jpg&quot;}],&quot;background_slideshow_loop&quot;:&quot;yes&quot;,&quot;background_slideshow_slide_duration&quot;:5000,&quot;background_slideshow_slide_transition&quot;:&quot;fade&quot;,&quot;background_slideshow_transition_duration&quot;:500}\">\n\t\t\t\t<\/div>\n\t\t<div data-particle_enable=\"false\" data-particle-mobile-disabled=\"false\" class=\"elementor-element elementor-element-6f1eb51 e-con-full elementor-hidden-tablet elementor-hidden-mobile e-flex e-con e-parent\" data-id=\"6f1eb51\" data-element_type=\"container\">\n\t\t<div data-particle_enable=\"false\" data-particle-mobile-disabled=\"false\" class=\"elementor-element elementor-element-e074d3a e-con-full e-flex e-con e-child\" data-id=\"e074d3a\" data-element_type=\"container\">\n\t\t\t\t<\/div>\n\t\t<div data-particle_enable=\"false\" data-particle-mobile-disabled=\"false\" class=\"elementor-element elementor-element-1644a42 e-con-full e-flex e-con e-child\" data-id=\"1644a42\" data-element_type=\"container\">\n\t\t\t\t<div class=\"elementor-element elementor-element-080521e elementor-widget elementor-widget-heading\" data-id=\"080521e\" data-element_type=\"widget\" data-widget_type=\"heading.default\">\n\t\t\t\t<div class=\"elementor-widget-container\">\n\t\t\t\t\t<h1 class=\"elementor-heading-title elementor-size-default\">\u00bfQuienes Somos?<\/h1>\t\t\t\t<\/div>\n\t\t\t\t<\/div>\n\t\t\t\t<div class=\"elementor-element elementor-element-8367ccf elementor-widget elementor-widget-text-editor\" data-id=\"8367ccf\" data-element_type=\"widget\" data-widget_type=\"text-editor.default\">\n\t\t\t\t<div class=\"elementor-widget-container\">\n\t\t\t\t\t\t\t\t\t<p>Somos un grupo\u00a0 de m\u00fasicos cat\u00f3licos que creemos que la m\u00fasica es un regalo de Dios y que tiene el poder de unir a las personas, inspirar la fe y transformar vidas. Estamos comprometidos a usar nuestros dones musicales para adorar a Dios y llevar el Evangelio al mundo. Invitamos a todos los m\u00fasicos cat\u00f3licos laicos a unirse a nosotros en esta misi\u00f3n.<\/p>\t\t\t\t\t\t\t\t<\/div>\n\t\t\t\t<\/div>\n\t\t\t\t<\/div>\n\t\t<div data-particle_enable=\"false\" data-particle-mobile-disabled=\"false\" class=\"elementor-element elementor-element-59fa391 e-con-full e-flex e-con e-child\" data-id=\"59fa391\" data-element_type=\"container\">\n\t\t\t\t<div class=\"elementor-element elementor-element-d9b7549 elementor-widget elementor-widget-image\" data-id=\"d9b7549\" data-element_type=\"widget\" data-widget_type=\"image.default\">\n\t\t\t\t<div class=\"elementor-widget-container\">\n\t\t\t\t\t\t\t\t\t\t\t\t\t\t\t<img fetchpriority=\"high\" decoding=\"async\" width=\"1024\" height=\"791\" src=\"https:\/\/vclatam.org\/wp-content\/uploads\/2024\/03\/ISOLOGO-COLOR-2-1024x791.png\" class=\"attachment-large size-large wp-image-59\" alt=\"\" srcset=\"https:\/\/vclatam.org\/wp-content\/uploads\/2024\/03\/ISOLOGO-COLOR-2-1024x791.png 1024w, https:\/\/vclatam.org\/wp-content\/uploads\/2024\/03\/ISOLOGO-COLOR-2-300x232.png 300w, https:\/\/vclatam.org\/wp-content\/uploads\/2024\/03\/ISOLOGO-COLOR-2-768x593.png 768w, https:\/\/vclatam.org\/wp-content\/uploads\/2024\/03\/ISOLOGO-COLOR-2-1536x1187.png 1536w, https:\/\/vclatam.org\/wp-content\/uploads\/2024\/03\/ISOLOGO-COLOR-2.png 1650w\" sizes=\"(max-width: 1024px) 100vw, 1024px\" \/>\t\t\t\t\t\t\t\t\t\t\t\t\t\t\t<\/div>\n\t\t\t\t<\/div>\n\t\t\t\t<\/div>\n\t\t\t\t<\/div>\n\t\t<div data-particle_enable=\"false\" data-particle-mobile-disabled=\"false\" class=\"elementor-element elementor-element-056fb96 e-con-full elementor-hidden-desktop e-flex e-con e-parent\" data-id=\"056fb96\" data-element_type=\"container\">\n\t\t<div data-particle_enable=\"false\" data-particle-mobile-disabled=\"false\" class=\"elementor-element elementor-element-87f32f4 e-con-full e-flex e-con e-child\" data-id=\"87f32f4\" data-element_type=\"container\">\n\t\t\t\t<\/div>\n\t\t<div data-particle_enable=\"false\" data-particle-mobile-disabled=\"false\" class=\"elementor-element elementor-element-8f671e1 e-con-full e-flex e-con e-child\" data-id=\"8f671e1\" data-element_type=\"container\">\n\t\t\t\t<div class=\"elementor-element elementor-element-ab92e54 elementor-widget elementor-widget-heading\" data-id=\"ab92e54\" data-element_type=\"widget\" data-widget_type=\"heading.default\">\n\t\t\t\t<div class=\"elementor-widget-container\">\n\t\t\t\t\t<h1 class=\"elementor-heading-title elementor-size-default\">\u00bfQuienes Somos?<\/h1>\t\t\t\t<\/div>\n\t\t\t\t<\/div>\n\t\t\t\t<div class=\"elementor-element elementor-element-dfe5eff elementor-widget elementor-widget-text-editor\" data-id=\"dfe5eff\" data-element_type=\"widget\" data-widget_type=\"text-editor.default\">\n\t\t\t\t<div class=\"elementor-widget-container\">\n\t\t\t\t\t\t\t\t\t<p>Somos un grupo\u00a0 de m\u00fasicos cat\u00f3licos que creemos que la m\u00fasica es un regalo de Dios y que tiene el poder de unir a las personas, inspirar la fe y transformar vidas. Estamos comprometidos a usar nuestros dones musicales para adorar a Dios y llevar el Evangelio al mundo. Invitamos a todos los m\u00fasicos cat\u00f3licos laicos a unirse a nosotros en esta misi\u00f3n.<\/p>\t\t\t\t\t\t\t\t<\/div>\n\t\t\t\t<\/div>\n\t\t\t\t<\/div>\n\t\t<div data-particle_enable=\"false\" data-particle-mobile-disabled=\"false\" class=\"elementor-element elementor-element-1ffa74d e-con-full e-flex e-con e-child\" data-id=\"1ffa74d\" data-element_type=\"container\">\n\t\t\t\t<div class=\"elementor-element elementor-element-768d3d6 elementor-widget elementor-widget-image\" data-id=\"768d3d6\" data-element_type=\"widget\" data-widget_type=\"image.default\">\n\t\t\t\t<div class=\"elementor-widget-container\">\n\t\t\t\t\t\t\t\t\t\t\t\t\t\t\t<img fetchpriority=\"high\" decoding=\"async\" width=\"1024\" height=\"791\" src=\"https:\/\/vclatam.org\/wp-content\/uploads\/2024\/03\/ISOLOGO-COLOR-2-1024x791.png\" class=\"attachment-large size-large wp-image-59\" alt=\"\" srcset=\"https:\/\/vclatam.org\/wp-content\/uploads\/2024\/03\/ISOLOGO-COLOR-2-1024x791.png 1024w, https:\/\/vclatam.org\/wp-content\/uploads\/2024\/03\/ISOLOGO-COLOR-2-300x232.png 300w, https:\/\/vclatam.org\/wp-content\/uploads\/2024\/03\/ISOLOGO-COLOR-2-768x593.png 768w, https:\/\/vclatam.org\/wp-content\/uploads\/2024\/03\/ISOLOGO-COLOR-2-1536x1187.png 1536w, https:\/\/vclatam.org\/wp-content\/uploads\/2024\/03\/ISOLOGO-COLOR-2.png 1650w\" sizes=\"(max-width: 1024px) 100vw, 1024px\" \/>\t\t\t\t\t\t\t\t\t\t\t\t\t\t\t<\/div>\n\t\t\t\t<\/div>\n\t\t\t\t<\/div>\n\t\t\t\t<\/div>\n\t\t<div data-particle_enable=\"false\" data-particle-mobile-disabled=\"false\" class=\"elementor-element elementor-element-8fbe672 e-flex e-con-boxed e-con e-parent\" data-id=\"8fbe672\" data-element_type=\"container\" data-settings=\"{&quot;background_background&quot;:&quot;classic&quot;,&quot;shape_divider_top&quot;:&quot;mountains&quot;}\">\n\t\t\t\t\t<div class=\"e-con-inner\">\n\t\t\t\t<div class=\"elementor-shape elementor-shape-top\" data-negative=\"false\">\n\t\t\t<svg xmlns=\"http:\/\/www.w3.org\/2000\/svg\" viewBox=\"0 0 1000 100\" preserveAspectRatio=\"none\">\n\t<path class=\"elementor-shape-fill\" opacity=\"0.33\" d=\"M473,67.3c-203.9,88.3-263.1-34-320.3,0C66,119.1,0,59.7,0,59.7V0h1000v59.7 c0,0-62.1,26.1-94.9,29.3c-32.8,3.3-62.8-12.3-75.8-22.1C806,49.6,745.3,8.7,694.9,4.7S492.4,59,473,67.3z\"\/>\n\t<path class=\"elementor-shape-fill\" opacity=\"0.66\" d=\"M734,67.3c-45.5,0-77.2-23.2-129.1-39.1c-28.6-8.7-150.3-10.1-254,39.1 s-91.7-34.4-149.2,0C115.7,118.3,0,39.8,0,39.8V0h1000v36.5c0,0-28.2-18.5-92.1-18.5C810.2,18.1,775.7,67.3,734,67.3z\"\/>\n\t<path class=\"elementor-shape-fill\" d=\"M766.1,28.9c-200-57.5-266,65.5-395.1,19.5C242,1.8,242,5.4,184.8,20.6C128,35.8,132.3,44.9,89.9,52.5C28.6,63.7,0,0,0,0 h1000c0,0-9.9,40.9-83.6,48.1S829.6,47,766.1,28.9z\"\/>\n<\/svg>\t\t<\/div>\n\t\t\t\t<div class=\"elementor-element elementor-element-56d15cc elementor-widget elementor-widget-image\" data-id=\"56d15cc\" data-element_type=\"widget\" data-widget_type=\"image.default\">\n\t\t\t\t<div class=\"elementor-widget-container\">\n\t\t\t\t\t\t\t\t\t\t\t\t\t\t\t<img decoding=\"async\" width=\"768\" height=\"512\" src=\"https:\/\/vclatam.org\/wp-content\/uploads\/2024\/03\/slider4-768x512.jpg\" class=\"attachment-medium_large size-medium_large wp-image-42\" alt=\"\" srcset=\"https:\/\/vclatam.org\/wp-content\/uploads\/2024\/03\/slider4-768x512.jpg 768w, https:\/\/vclatam.org\/wp-content\/uploads\/2024\/03\/slider4-300x200.jpg 300w, https:\/\/vclatam.org\/wp-content\/uploads\/2024\/03\/slider4-1024x683.jpg 1024w, https:\/\/vclatam.org\/wp-content\/uploads\/2024\/03\/slider4.jpg 1146w\" sizes=\"(max-width: 768px) 100vw, 768px\" \/>\t\t\t\t\t\t\t\t\t\t\t\t\t\t\t<\/div>\n\t\t\t\t<\/div>\n\t\t\t\t\t<\/div>\n\t\t\t\t<\/div>\n\t\t<div data-particle_enable=\"false\" data-particle-mobile-disabled=\"false\" class=\"elementor-element elementor-element-a594c64 e-con-full e-flex e-con e-parent\" data-id=\"a594c64\" data-element_type=\"container\" data-settings=\"{&quot;background_background&quot;:&quot;classic&quot;,&quot;shape_divider_bottom&quot;:&quot;mountains&quot;}\">\n\t\t\t\t<div class=\"elementor-shape elementor-shape-bottom\" data-negative=\"false\">\n\t\t\t<svg xmlns=\"http:\/\/www.w3.org\/2000\/svg\" viewBox=\"0 0 1000 100\" preserveAspectRatio=\"none\">\n\t<path class=\"elementor-shape-fill\" opacity=\"0.33\" d=\"M473,67.3c-203.9,88.3-263.1-34-320.3,0C66,119.1,0,59.7,0,59.7V0h1000v59.7 c0,0-62.1,26.1-94.9,29.3c-32.8,3.3-62.8-12.3-75.8-22.1C806,49.6,745.3,8.7,694.9,4.7S492.4,59,473,67.3z\"\/>\n\t<path class=\"elementor-shape-fill\" opacity=\"0.66\" d=\"M734,67.3c-45.5,0-77.2-23.2-129.1-39.1c-28.6-8.7-150.3-10.1-254,39.1 s-91.7-34.4-149.2,0C115.7,118.3,0,39.8,0,39.8V0h1000v36.5c0,0-28.2-18.5-92.1-18.5C810.2,18.1,775.7,67.3,734,67.3z\"\/>\n\t<path class=\"elementor-shape-fill\" d=\"M766.1,28.9c-200-57.5-266,65.5-395.1,19.5C242,1.8,242,5.4,184.8,20.6C128,35.8,132.3,44.9,89.9,52.5C28.6,63.7,0,0,0,0 h1000c0,0-9.9,40.9-83.6,48.1S829.6,47,766.1,28.9z\"\/>\n<\/svg>\t\t<\/div>\n\t\t\t\t<\/div>\n\t\t<div data-particle_enable=\"false\" data-particle-mobile-disabled=\"false\" class=\"elementor-element elementor-element-9c3c88f e-con-full e-flex e-con e-parent\" data-id=\"9c3c88f\" data-element_type=\"container\">\n\t\t<div data-particle_enable=\"false\" data-particle-mobile-disabled=\"false\" class=\"elementor-element elementor-element-090cc70 e-con-full e-flex e-con e-child\" data-id=\"090cc70\" data-element_type=\"container\">\n\t\t\t\t<\/div>\n\t\t<div data-particle_enable=\"false\" data-particle-mobile-disabled=\"false\" class=\"elementor-element elementor-element-c018ce7 e-con-full e-flex e-con e-child\" data-id=\"c018ce7\" data-element_type=\"container\">\n\t\t\t\t<div class=\"elementor-element elementor-element-7ac7880 elementor-widget elementor-widget-image\" data-id=\"7ac7880\" data-element_type=\"widget\" data-widget_type=\"image.default\">\n\t\t\t\t<div class=\"elementor-widget-container\">\n\t\t\t\t\t\t\t\t\t\t\t\t\t\t\t<img decoding=\"async\" width=\"1024\" height=\"686\" src=\"https:\/\/vclatam.org\/wp-content\/uploads\/2024\/04\/pexels-pixabay-208315-1024x686.jpg\" class=\"attachment-large size-large wp-image-70\" alt=\"\" srcset=\"https:\/\/vclatam.org\/wp-content\/uploads\/2024\/04\/pexels-pixabay-208315-1024x686.jpg 1024w, https:\/\/vclatam.org\/wp-content\/uploads\/2024\/04\/pexels-pixabay-208315-300x201.jpg 300w, https:\/\/vclatam.org\/wp-content\/uploads\/2024\/04\/pexels-pixabay-208315-768x515.jpg 768w, https:\/\/vclatam.org\/wp-content\/uploads\/2024\/04\/pexels-pixabay-208315-1536x1030.jpg 1536w, https:\/\/vclatam.org\/wp-content\/uploads\/2024\/04\/pexels-pixabay-208315-2048x1373.jpg 2048w\" sizes=\"(max-width: 1024px) 100vw, 1024px\" \/>\t\t\t\t\t\t\t\t\t\t\t\t\t\t\t<\/div>\n\t\t\t\t<\/div>\n\t\t\t\t<\/div>\n\t\t<div data-particle_enable=\"false\" data-particle-mobile-disabled=\"false\" class=\"elementor-element elementor-element-a9428f3 e-con-full e-flex e-con e-child\" data-id=\"a9428f3\" data-element_type=\"container\">\n\t\t\t\t<div class=\"elementor-element elementor-element-88e6fa2 elementor-widget elementor-widget-heading\" data-id=\"88e6fa2\" data-element_type=\"widget\" data-widget_type=\"heading.default\">\n\t\t\t\t<div class=\"elementor-widget-container\">\n\t\t\t\t\t<h2 class=\"elementor-heading-title elementor-size-default\">Nuestra Misi\u00f3n<\/h2>\t\t\t\t<\/div>\n\t\t\t\t<\/div>\n\t\t\t\t<div class=\"elementor-element elementor-element-74150ea elementor-widget elementor-widget-text-editor\" data-id=\"74150ea\" data-element_type=\"widget\" data-widget_type=\"text-editor.default\">\n\t\t\t\t<div class=\"elementor-widget-container\">\n\t\t\t\t\t\t\t\t\t<p data-sourcepos=\"3:1-3:112\"><strong>Unir a los m\u00fasicos cat\u00f3licos laicos para adorar a Dios y llevar el Evangelio a trav\u00e9s de la m\u00fasica, inspirando y transformando vidas.<\/strong><\/p><p data-sourcepos=\"5:1-5:26\"><strong>Objetivos espec\u00edficos:<\/strong><\/p><ul data-sourcepos=\"7:1-7:75\"><li data-sourcepos=\"7:1-7:75\"><strong>Promover la m\u00fasica popular religiosa como una forma de oraci\u00f3n y alabanza a Dios.<\/strong><\/li><li data-sourcepos=\"8:1-8:110\"><strong>Evangelizar a trav\u00e9s de la m\u00fasica, compartiendo el mensaje de Jesucristo de manera creativa y accesible.<\/strong><\/li><li data-sourcepos=\"9:1-9:45\"><strong>Fortalecer la fe de la comunidad cat\u00f3lica a trav\u00e9s de la m\u00fasica.<\/strong><\/li><li data-sourcepos=\"10:1-10:81\"><strong>Unir a los m\u00fasicos cat\u00f3licos laicos y fomentar el compa\u00f1erismo entre ellos.<\/strong><\/li><li data-sourcepos=\"11:1-11:15\"><strong>Servir a la Iglesia Cat\u00f3lica y a la comunidad en general a trav\u00e9s de la m\u00fasica.<\/strong><\/li><\/ul>\t\t\t\t\t\t\t\t<\/div>\n\t\t\t\t<\/div>\n\t\t\t\t<\/div>\n\t\t<div data-particle_enable=\"false\" data-particle-mobile-disabled=\"false\" class=\"elementor-element elementor-element-1382a18 e-con-full e-flex e-con e-child\" data-id=\"1382a18\" data-element_type=\"container\">\n\t\t\t\t<\/div>\n\t\t\t\t<\/div>\n\t\t<div data-particle_enable=\"false\" data-particle-mobile-disabled=\"false\" class=\"elementor-element elementor-element-84a6bcb e-flex e-con-boxed e-con e-parent\" data-id=\"84a6bcb\" data-element_type=\"container\" data-settings=\"{&quot;background_background&quot;:&quot;classic&quot;}\">\n\t\t\t\t\t<div class=\"e-con-inner\">\n\t\t<div data-particle_enable=\"false\" data-particle-mobile-disabled=\"false\" class=\"elementor-element elementor-element-9b88f37 e-con-full e-flex e-con e-child\" data-id=\"9b88f37\" data-element_type=\"container\">\n\t\t\t\t<\/div>\n\t\t<div data-particle_enable=\"false\" data-particle-mobile-disabled=\"false\" class=\"elementor-element elementor-element-c7e58bb e-con-full e-flex e-con e-child\" data-id=\"c7e58bb\" data-element_type=\"container\">\n\t\t\t\t<div class=\"elementor-element elementor-element-b14363c elementor-widget elementor-widget-text-editor\" data-id=\"b14363c\" data-element_type=\"widget\" data-widget_type=\"text-editor.default\">\n\t\t\t\t<div class=\"elementor-widget-container\">\n\t\t\t\t\t\t\t\t\t<p>&#8220;Aclame al Se\u00f1or toda la tierra, prorrumpan en cantos jubilosos. Canten al Se\u00f1or con el arpa y al son de instrumentos musicales; con clarines y sonidos de trompeta aclamen al Se\u00f1or, que es Rey.&#8221;<\/p><p>Salmo 98,\u00a0 4-6<\/p>\t\t\t\t\t\t\t\t<\/div>\n\t\t\t\t<\/div>\n\t\t\t\t<\/div>\n\t\t<div data-particle_enable=\"false\" data-particle-mobile-disabled=\"false\" class=\"elementor-element elementor-element-7a27f64 e-con-full e-flex e-con e-child\" data-id=\"7a27f64\" data-element_type=\"container\">\n\t\t\t\t<\/div>\n\t\t\t\t\t<\/div>\n\t\t\t\t<\/div>\n\t\t<div data-particle_enable=\"false\" data-particle-mobile-disabled=\"false\" class=\"elementor-element elementor-element-b918f6a e-con-full e-flex e-con e-parent\" data-id=\"b918f6a\" data-element_type=\"container\" data-settings=\"{&quot;background_background&quot;:&quot;classic&quot;,&quot;shape_divider_bottom&quot;:&quot;mountains&quot;}\">\n\t\t\t\t<div class=\"elementor-shape elementor-shape-bottom\" data-negative=\"false\">\n\t\t\t<svg xmlns=\"http:\/\/www.w3.org\/2000\/svg\" viewBox=\"0 0 1000 100\" preserveAspectRatio=\"none\">\n\t<path class=\"elementor-shape-fill\" opacity=\"0.33\" d=\"M473,67.3c-203.9,88.3-263.1-34-320.3,0C66,119.1,0,59.7,0,59.7V0h1000v59.7 c0,0-62.1,26.1-94.9,29.3c-32.8,3.3-62.8-12.3-75.8-22.1C806,49.6,745.3,8.7,694.9,4.7S492.4,59,473,67.3z\"\/>\n\t<path class=\"elementor-shape-fill\" opacity=\"0.66\" d=\"M734,67.3c-45.5,0-77.2-23.2-129.1-39.1c-28.6-8.7-150.3-10.1-254,39.1 s-91.7-34.4-149.2,0C115.7,118.3,0,39.8,0,39.8V0h1000v36.5c0,0-28.2-18.5-92.1-18.5C810.2,18.1,775.7,67.3,734,67.3z\"\/>\n\t<path class=\"elementor-shape-fill\" d=\"M766.1,28.9c-200-57.5-266,65.5-395.1,19.5C242,1.8,242,5.4,184.8,20.6C128,35.8,132.3,44.9,89.9,52.5C28.6,63.7,0,0,0,0 h1000c0,0-9.9,40.9-83.6,48.1S829.6,47,766.1,28.9z\"\/>\n<\/svg>\t\t<\/div>\n\t\t<div data-particle_enable=\"false\" data-particle-mobile-disabled=\"false\" class=\"elementor-element elementor-element-cb50e36 e-con-full e-flex e-con e-child\" data-id=\"cb50e36\" data-element_type=\"container\">\n\t\t\t\t<\/div>\n\t\t<div data-particle_enable=\"false\" data-particle-mobile-disabled=\"false\" class=\"elementor-element elementor-element-ce8fb31 e-con-full e-flex e-con e-child\" data-id=\"ce8fb31\" data-element_type=\"container\">\n\t\t\t\t<div class=\"elementor-element elementor-element-4faed49 elementor-widget elementor-widget-heading\" data-id=\"4faed49\" data-element_type=\"widget\" data-widget_type=\"heading.default\">\n\t\t\t\t<div class=\"elementor-widget-container\">\n\t\t\t\t\t<h2 class=\"elementor-heading-title elementor-size-default\">La Visi\u00f3n<\/h2>\t\t\t\t<\/div>\n\t\t\t\t<\/div>\n\t\t\t\t<div class=\"elementor-element elementor-element-df5dccb elementor-widget elementor-widget-text-editor\" data-id=\"df5dccb\" data-element_type=\"widget\" data-widget_type=\"text-editor.default\">\n\t\t\t\t<div class=\"elementor-widget-container\">\n\t\t\t\t\t\t\t\t\t<p data-sourcepos=\"15:1-15:203\"><strong>Ser un movimiento vibrante de m\u00fasicos cat\u00f3licos laicos que, a trav\u00e9s de su talento y pasi\u00f3n, inspiren a las personas a una relaci\u00f3n m\u00e1s profunda con Dios y a compartir el amor de Cristo con el mundo.<\/strong><\/p><p data-sourcepos=\"17:1-17:26\"><strong>Valores fundamentales:<\/strong><\/p><ul data-sourcepos=\"19:1-21:77\"><li data-sourcepos=\"19:1-19:96\"><strong>Fe:<\/strong> Creemos en el poder de la m\u00fasica para tocar corazones y acercar a las personas a Dios.<\/li><li data-sourcepos=\"20:1-20:86\"><strong>Excelencia:<\/strong> Nos esforzamos por crear m\u00fasica de alta calidad que inspire y eleve.<\/li><li data-sourcepos=\"21:1-21:77\"><strong>Comunidad:<\/strong> Valoramos el compa\u00f1erismo y el apoyo mutuo entre los m\u00fasicos cat\u00f3licos laicos.<\/li><li data-sourcepos=\"22:1-22:104\"><strong>Servicio:<\/strong> Nos dedicamos a usar nuestros dones musicales para servir a la Iglesia y a la comunidad.<\/li><li data-sourcepos=\"23:1-24:0\"><strong>Evangelizaci\u00f3n:<\/strong> Creemos que la m\u00fasica es una poderosa herramienta para evangelizar y compartir el mensaje de Jesucristo.<\/li><\/ul>\t\t\t\t\t\t\t\t<\/div>\n\t\t\t\t<\/div>\n\t\t\t\t<\/div>\n\t\t<div data-particle_enable=\"false\" data-particle-mobile-disabled=\"false\" class=\"elementor-element elementor-element-5919579 e-con-full e-flex e-con e-child\" data-id=\"5919579\" data-element_type=\"container\">\n\t\t\t\t<\/div>\n\t\t\t\t<\/div>\n\t\t<div data-particle_enable=\"false\" data-particle-mobile-disabled=\"false\" class=\"elementor-element elementor-element-0194ae3 e-flex e-con-boxed e-con e-parent\" data-id=\"0194ae3\" data-element_type=\"container\">\n\t\t\t\t\t<div class=\"e-con-inner\">\n\t\t\t\t<div class=\"elementor-element elementor-element-69e3761 elementor-widget elementor-widget-html\" data-id=\"69e3761\" data-element_type=\"widget\" data-widget_type=\"html.default\">\n\t\t\t\t<div class=\"elementor-widget-container\">\n\t\t\t\t\t<script src=\"https:\/\/static.elfsight.com\/platform\/platform.js\" data-use-service-core defer><\/script>\r\n<div class=\"elfsight-app-72e02ada-ece5-43a9-9c54-8182ceab3910\" data-elfsight-app-lazy><\/div>\t\t\t\t<\/div>\n\t\t\t\t<\/div>\n\t\t\t\t\t<\/div>\n\t\t\t\t<\/div>\n\t\t\t\t<\/div>\n\t\t","protected":false},"excerpt":{"rendered":"<p>\u00bfQuienes Somos? Somos un grupo\u00a0 de m\u00fasicos cat\u00f3licos que creemos que la m\u00fasica es un regalo de Dios y que [&hellip;]<\/p>\n","protected":false},"author":1,"featured_media":0,"parent":0,"menu_order":0,"comment_status":"closed","ping_status":"closed","template":"","meta":{"site-sidebar-layout":"no-sidebar","site-content-layout":"","ast-site-content-layout":"full-width-container","site-content-style":"default","site-sidebar-style":"default","ast-global-header-display":"","ast-banner-title-visibility":"","ast-main-header-display":"","ast-hfb-above-header-display":"","ast-hfb-below-header-display":"","ast-hfb-mobile-header-display":"","site-post-title":"disabled","ast-breadcrumbs-content":"","ast-featured-img":"disabled","footer-sml-layout":"","ast-disable-related-posts":"","theme-transparent-header-meta":"","adv-header-id-meta":"","stick-header-meta":"","header-above-stick-meta":"","header-main-stick-meta":"","header-below-stick-meta":"","astra-migrate-meta-layouts":"default","ast-page-background-enabled":"default","ast-page-background-meta":{"desktop":{"background-color":"var(--ast-global-color-4)","background-image":"","background-repeat":"repeat","background-position":"center center","background-size":"auto","background-attachment":"scroll","background-type":"","background-media":"","overlay-type":"","overlay-color":"","overlay-opacity":"","overlay-gradient":""},"tablet":{"background-color":"","background-image":"","background-repeat":"repeat","background-position":"center center","background-size":"auto","background-attachment":"scroll","background-type":"","background-media":"","overlay-type":"","overlay-color":"","overlay-opacity":"","overlay-gradient":""},"mobile":{"background-color":"","background-image":"","background-repeat":"repeat","background-position":"center center","background-size":"auto","background-attachment":"scroll","background-type":"","background-media":"","overlay-type":"","overlay-color":"","overlay-opacity":"","overlay-gradient":""}},"ast-content-background-meta":{"desktop":{"background-color":"var(--ast-global-color-5)","background-image":"","background-repeat":"repeat","background-position":"center center","background-size":"auto","background-attachment":"scroll","background-type":"","background-media":"","overlay-type":"","overlay-color":"","overlay-opacity":"","overlay-gradient":""},"tablet":{"background-color":"var(--ast-global-color-5)","background-image":"","background-repeat":"repeat","background-position":"center center","background-size":"auto","background-attachment":"scroll","background-type":"","background-media":"","overlay-type":"","overlay-color":"","overlay-opacity":"","overlay-gradient":""},"mobile":{"background-color":"var(--ast-global-color-5)","background-image":"","background-repeat":"repeat","background-position":"center center","background-size":"auto","background-attachment":"scroll","background-type":"","background-media":"","overlay-type":"","overlay-color":"","overlay-opacity":"","overlay-gradient":""}},"footnotes":""},"_links":{"self":[{"href":"https:\/\/vclatam.org\/index.php\/wp-json\/wp\/v2\/pages\/56"}],"collection":[{"href":"https:\/\/vclatam.org\/index.php\/wp-json\/wp\/v2\/pages"}],"about":[{"href":"https:\/\/vclatam.org\/index.php\/wp-json\/wp\/v2\/types\/page"}],"author":[{"embeddable":true,"href":"https:\/\/vclatam.org\/index.php\/wp-json\/wp\/v2\/users\/1"}],"replies":[{"embeddable":true,"href":"https:\/\/vclatam.org\/index.php\/wp-json\/wp\/v2\/comments?post=56"}],"version-history":[{"count":71,"href":"https:\/\/vclatam.org\/index.php\/wp-json\/wp\/v2\/pages\/56\/revisions"}],"predecessor-version":[{"id":891,"href":"https:\/\/vclatam.org\/index.php\/wp-json\/wp\/v2\/pages\/56\/revisions\/891"}],"wp:attachment":[{"href":"https:\/\/vclatam.org\/index.php\/wp-json\/wp\/v2\/media?parent=56"}],"curies":[{"name":"wp","href":"https:\/\/api.w.org\/{rel}","templated":true}]}}