{"id":779,"date":"2024-09-06T19:21:28","date_gmt":"2024-09-06T18:21:28","guid":{"rendered":"https:\/\/vclatam.org\/?page_id=779"},"modified":"2025-12-05T04:47:16","modified_gmt":"2025-12-05T04:47:16","slug":"organizacion","status":"publish","type":"page","link":"https:\/\/vclatam.org\/index.php\/organizacion\/","title":{"rendered":"Organizaci\u00f3n"},"content":{"rendered":"\t\t<div data-elementor-type=\"wp-page\" data-elementor-id=\"779\" class=\"elementor elementor-779\">\n\t\t\t\t<div data-particle_enable=\"false\" data-particle-mobile-disabled=\"false\" class=\"elementor-element elementor-element-544ffebf e-flex e-con-boxed e-con e-parent\" data-id=\"544ffebf\" data-element_type=\"container\" data-settings=\"{&quot;background_background&quot;:&quot;classic&quot;,&quot;shape_divider_bottom&quot;:&quot;mountains&quot;}\">\n\t\t\t\t\t<div class=\"e-con-inner\">\n\t\t\t\t<div class=\"elementor-shape elementor-shape-bottom\" data-negative=\"false\">\n\t\t\t<svg xmlns=\"http:\/\/www.w3.org\/2000\/svg\" viewBox=\"0 0 1000 100\" preserveAspectRatio=\"none\">\n\t<path class=\"elementor-shape-fill\" opacity=\"0.33\" d=\"M473,67.3c-203.9,88.3-263.1-34-320.3,0C66,119.1,0,59.7,0,59.7V0h1000v59.7 c0,0-62.1,26.1-94.9,29.3c-32.8,3.3-62.8-12.3-75.8-22.1C806,49.6,745.3,8.7,694.9,4.7S492.4,59,473,67.3z\"\/>\n\t<path class=\"elementor-shape-fill\" opacity=\"0.66\" d=\"M734,67.3c-45.5,0-77.2-23.2-129.1-39.1c-28.6-8.7-150.3-10.1-254,39.1 s-91.7-34.4-149.2,0C115.7,118.3,0,39.8,0,39.8V0h1000v36.5c0,0-28.2-18.5-92.1-18.5C810.2,18.1,775.7,67.3,734,67.3z\"\/>\n\t<path class=\"elementor-shape-fill\" d=\"M766.1,28.9c-200-57.5-266,65.5-395.1,19.5C242,1.8,242,5.4,184.8,20.6C128,35.8,132.3,44.9,89.9,52.5C28.6,63.7,0,0,0,0 h1000c0,0-9.9,40.9-83.6,48.1S829.6,47,766.1,28.9z\"\/>\n<\/svg>\t\t<\/div>\n\t\t\t\t<div class=\"elementor-element elementor-element-50de893f elementor-widget elementor-widget-heading\" data-id=\"50de893f\" data-element_type=\"widget\" data-widget_type=\"heading.default\">\n\t\t\t\t<div class=\"elementor-widget-container\">\n\t\t\t\t\t<h2 class=\"elementor-heading-title elementor-size-default\">Conoce Nuestro Equipo<\/h2>\t\t\t\t<\/div>\n\t\t\t\t<\/div>\n\t\t\t\t<div class=\"elementor-element elementor-element-5d709c76 elementor-widget elementor-widget-heading\" data-id=\"5d709c76\" data-element_type=\"widget\" data-widget_type=\"heading.default\">\n\t\t\t\t<div class=\"elementor-widget-container\">\n\t\t\t\t\t<h5 class=\"elementor-heading-title elementor-size-default\">\u201cA donde nos gu\u00edes iremos\u201d<\/h5>\t\t\t\t<\/div>\n\t\t\t\t<\/div>\n\t\t<div data-particle_enable=\"false\" data-particle-mobile-disabled=\"false\" class=\"elementor-element elementor-element-772a117a e-con-full e-flex e-con e-child\" data-id=\"772a117a\" data-element_type=\"container\">\n\t\t\t\t<div class=\"elementor-element elementor-element-749051e0 elementor-widget-tablet__width-initial elementor-widget-mobile__width-inherit elementor-widget__width-initial elementor-position-top elementor-widget elementor-widget-image-box\" data-id=\"749051e0\" data-element_type=\"widget\" data-widget_type=\"image-box.default\">\n\t\t\t\t<div class=\"elementor-widget-container\">\n\t\t\t\t\t<div class=\"elementor-image-box-wrapper\"><figure class=\"elementor-image-box-img\"><img fetchpriority=\"high\" decoding=\"async\" width=\"936\" height=\"857\" src=\"https:\/\/vclatam.org\/wp-content\/uploads\/2024\/07\/image11.jpg\" class=\"elementor-animation-grow attachment-full size-full wp-image-721\" alt=\"\" srcset=\"https:\/\/vclatam.org\/wp-content\/uploads\/2024\/07\/image11.jpg 936w, https:\/\/vclatam.org\/wp-content\/uploads\/2024\/07\/image11-300x275.jpg 300w, https:\/\/vclatam.org\/wp-content\/uploads\/2024\/07\/image11-768x703.jpg 768w\" sizes=\"(max-width: 936px) 100vw, 936px\" \/><\/figure><div class=\"elementor-image-box-content\"><h4 class=\"elementor-image-box-title\">Karla Castillo<\/h4><p class=\"elementor-image-box-description\">CoordinadoraPanam\u00e1<\/p><\/div><\/div>\t\t\t\t<\/div>\n\t\t\t\t<\/div>\n\t\t\t\t<div class=\"elementor-element elementor-element-174d8e1f elementor-widget-tablet__width-initial elementor-widget-mobile__width-inherit elementor-widget__width-initial elementor-position-top elementor-widget elementor-widget-image-box\" data-id=\"174d8e1f\" data-element_type=\"widget\" data-widget_type=\"image-box.default\">\n\t\t\t\t<div class=\"elementor-widget-container\">\n\t\t\t\t\t<div class=\"elementor-image-box-wrapper\"><figure class=\"elementor-image-box-img\"><img decoding=\"async\" width=\"936\" height=\"857\" src=\"https:\/\/vclatam.org\/wp-content\/uploads\/2024\/07\/image22.jpg\" class=\"elementor-animation-grow attachment-full size-full wp-image-722\" alt=\"\" srcset=\"https:\/\/vclatam.org\/wp-content\/uploads\/2024\/07\/image22.jpg 936w, https:\/\/vclatam.org\/wp-content\/uploads\/2024\/07\/image22-300x275.jpg 300w, https:\/\/vclatam.org\/wp-content\/uploads\/2024\/07\/image22-768x703.jpg 768w\" sizes=\"(max-width: 936px) 100vw, 936px\" \/><\/figure><div class=\"elementor-image-box-content\"><h4 class=\"elementor-image-box-title\">Leonardo Ram\u00edrez<\/h4><p class=\"elementor-image-box-description\">Coordinador Guatemala<\/p><\/div><\/div>\t\t\t\t<\/div>\n\t\t\t\t<\/div>\n\t\t\t\t<div class=\"elementor-element elementor-element-47d513ca elementor-widget-tablet__width-initial elementor-widget-mobile__width-inherit elementor-widget__width-initial elementor-position-top elementor-widget elementor-widget-image-box\" data-id=\"47d513ca\" data-element_type=\"widget\" data-widget_type=\"image-box.default\">\n\t\t\t\t<div class=\"elementor-widget-container\">\n\t\t\t\t\t<div class=\"elementor-image-box-wrapper\"><figure class=\"elementor-image-box-img\"><img decoding=\"async\" width=\"936\" height=\"857\" src=\"https:\/\/vclatam.org\/wp-content\/uploads\/2024\/07\/image33.jpg\" class=\"elementor-animation-grow attachment-full size-full wp-image-723\" alt=\"\" srcset=\"https:\/\/vclatam.org\/wp-content\/uploads\/2024\/07\/image33.jpg 936w, https:\/\/vclatam.org\/wp-content\/uploads\/2024\/07\/image33-300x275.jpg 300w, https:\/\/vclatam.org\/wp-content\/uploads\/2024\/07\/image33-768x703.jpg 768w\" sizes=\"(max-width: 936px) 100vw, 936px\" \/><\/figure><div class=\"elementor-image-box-content\"><h4 class=\"elementor-image-box-title\">Guadalupe Fonseca<\/h4><p class=\"elementor-image-box-description\">Coordinadora Argentina<\/p><\/div><\/div>\t\t\t\t<\/div>\n\t\t\t\t<\/div>\n\t\t\t\t<\/div>\n\t\t<div data-particle_enable=\"false\" data-particle-mobile-disabled=\"false\" class=\"elementor-element elementor-element-73f27435 e-con-full e-flex e-con e-child\" data-id=\"73f27435\" data-element_type=\"container\">\n\t\t\t\t<div class=\"elementor-element elementor-element-b1c2a18 elementor-widget-tablet__width-initial elementor-widget-mobile__width-inherit elementor-widget__width-initial elementor-position-top elementor-widget elementor-widget-image-box\" data-id=\"b1c2a18\" data-element_type=\"widget\" data-widget_type=\"image-box.default\">\n\t\t\t\t<div class=\"elementor-widget-container\">\n\t\t\t\t\t<div class=\"elementor-image-box-wrapper\"><figure class=\"elementor-image-box-img\"><img loading=\"lazy\" decoding=\"async\" width=\"936\" height=\"857\" src=\"https:\/\/vclatam.org\/wp-content\/uploads\/2024\/09\/Imagen-de-WhatsApp-2024-09-06-a-las-10.40.11_49fd1414-1-1.jpg\" class=\"elementor-animation-grow attachment-full size-full wp-image-767\" alt=\"\" srcset=\"https:\/\/vclatam.org\/wp-content\/uploads\/2024\/09\/Imagen-de-WhatsApp-2024-09-06-a-las-10.40.11_49fd1414-1-1.jpg 936w, https:\/\/vclatam.org\/wp-content\/uploads\/2024\/09\/Imagen-de-WhatsApp-2024-09-06-a-las-10.40.11_49fd1414-1-1-300x275.jpg 300w, https:\/\/vclatam.org\/wp-content\/uploads\/2024\/09\/Imagen-de-WhatsApp-2024-09-06-a-las-10.40.11_49fd1414-1-1-768x703.jpg 768w\" sizes=\"(max-width: 936px) 100vw, 936px\" \/><\/figure><div class=\"elementor-image-box-content\"><h4 class=\"elementor-image-box-title\">Edwyn Antonio Lanza Espinal<\/h4><p class=\"elementor-image-box-description\">Coordinador Honduras<\/p><\/div><\/div>\t\t\t\t<\/div>\n\t\t\t\t<\/div>\n\t\t\t\t<div class=\"elementor-element elementor-element-4d3cdad elementor-widget-tablet__width-initial elementor-widget-mobile__width-inherit elementor-widget__width-initial elementor-position-top elementor-widget elementor-widget-image-box\" data-id=\"4d3cdad\" data-element_type=\"widget\" data-widget_type=\"image-box.default\">\n\t\t\t\t<div class=\"elementor-widget-container\">\n\t\t\t\t\t<div class=\"elementor-image-box-wrapper\"><figure class=\"elementor-image-box-img\"><img loading=\"lazy\" decoding=\"async\" width=\"936\" height=\"857\" src=\"https:\/\/vclatam.org\/wp-content\/uploads\/2024\/09\/directorMEX-1.jpg\" class=\"elementor-animation-grow attachment-full size-full wp-image-768\" alt=\"\" srcset=\"https:\/\/vclatam.org\/wp-content\/uploads\/2024\/09\/directorMEX-1.jpg 936w, https:\/\/vclatam.org\/wp-content\/uploads\/2024\/09\/directorMEX-1-300x275.jpg 300w, https:\/\/vclatam.org\/wp-content\/uploads\/2024\/09\/directorMEX-1-768x703.jpg 768w\" sizes=\"(max-width: 936px) 100vw, 936px\" \/><\/figure><div class=\"elementor-image-box-content\"><h4 class=\"elementor-image-box-title\">Agust\u00edn Dom\u00ednguez L\u00f3pez <\/h4><p class=\"elementor-image-box-description\">Coordinador M\u00e9xico<\/p><\/div><\/div>\t\t\t\t<\/div>\n\t\t\t\t<\/div>\n\t\t\t\t<div class=\"elementor-element elementor-element-3078e29c elementor-widget-tablet__width-initial elementor-widget-mobile__width-inherit elementor-widget__width-initial elementor-vertical-align-top elementor-widget elementor-widget-image-box\" data-id=\"3078e29c\" data-element_type=\"widget\" data-widget_type=\"image-box.default\">\n\t\t\t\t<div class=\"elementor-widget-container\">\n\t\t\t\t\t<div class=\"elementor-image-box-wrapper\"><figure class=\"elementor-image-box-img\"><img loading=\"lazy\" decoding=\"async\" width=\"936\" height=\"857\" src=\"https:\/\/vclatam.org\/wp-content\/uploads\/2024\/07\/image55.jpg\" class=\"elementor-animation-grow attachment-full size-full wp-image-725\" alt=\"\" srcset=\"https:\/\/vclatam.org\/wp-content\/uploads\/2024\/07\/image55.jpg 936w, https:\/\/vclatam.org\/wp-content\/uploads\/2024\/07\/image55-300x275.jpg 300w, https:\/\/vclatam.org\/wp-content\/uploads\/2024\/07\/image55-768x703.jpg 768w\" sizes=\"(max-width: 936px) 100vw, 936px\" \/><\/figure><div class=\"elementor-image-box-content\"><h4 class=\"elementor-image-box-title\">Liseth Gamboa<\/h4><p class=\"elementor-image-box-description\">Coordinadora Venezuela<\/p><\/div><\/div>\t\t\t\t<\/div>\n\t\t\t\t<\/div>\n\t\t\t\t<\/div>\n\t\t\t\t\t<\/div>\n\t\t\t\t<\/div>\n\t\t<div data-particle_enable=\"false\" data-particle-mobile-disabled=\"false\" class=\"elementor-element elementor-element-261fcd0 e-con-full e-flex e-con e-parent\" data-id=\"261fcd0\" data-element_type=\"container\" data-settings=\"{&quot;background_background&quot;:&quot;classic&quot;}\">\n\t\t<div data-particle_enable=\"false\" data-particle-mobile-disabled=\"false\" class=\"elementor-element elementor-element-4dcbcde0 e-flex e-con-boxed e-con e-child\" data-id=\"4dcbcde0\" data-element_type=\"container\">\n\t\t\t\t\t<div class=\"e-con-inner\">\n\t\t\t\t<div class=\"elementor-element elementor-element-8eca242 elementor-widget elementor-widget-heading\" data-id=\"8eca242\" data-element_type=\"widget\" data-widget_type=\"heading.default\">\n\t\t\t\t<div class=\"elementor-widget-container\">\n\t\t\t\t\t<h2 class=\"elementor-heading-title elementor-size-default\">Comisiones<\/h2>\t\t\t\t<\/div>\n\t\t\t\t<\/div>\n\t\t\t\t\t<\/div>\n\t\t\t\t<\/div>\n\t\t\t\t<\/div>\n\t\t<div data-particle_enable=\"false\" data-particle-mobile-disabled=\"false\" class=\"elementor-element elementor-element-67bb6b6 e-flex e-con-boxed e-con e-parent\" data-id=\"67bb6b6\" data-element_type=\"container\">\n\t\t\t\t\t<div class=\"e-con-inner\">\n\t\t<div data-particle_enable=\"false\" data-particle-mobile-disabled=\"false\" class=\"elementor-element elementor-element-84e9c07 e-con-full e-flex e-con e-child\" data-id=\"84e9c07\" data-element_type=\"container\">\n\t\t\t\t<div class=\"elementor-element elementor-element-60d18c1 elementor-position-top elementor-widget elementor-widget-image-box\" data-id=\"60d18c1\" data-element_type=\"widget\" data-widget_type=\"image-box.default\">\n\t\t\t\t<div class=\"elementor-widget-container\">\n\t\t\t\t\t<div class=\"elementor-image-box-wrapper\"><figure class=\"elementor-image-box-img\"><img loading=\"lazy\" decoding=\"async\" width=\"874\" height=\"1280\" src=\"https:\/\/vclatam.org\/wp-content\/uploads\/2024\/09\/Imagen-de-WhatsApp-2024-09-06-a-las-08.47.01_4aaa24e9.jpg\" class=\"attachment-full size-full wp-image-805\" alt=\"\" srcset=\"https:\/\/vclatam.org\/wp-content\/uploads\/2024\/09\/Imagen-de-WhatsApp-2024-09-06-a-las-08.47.01_4aaa24e9.jpg 874w, https:\/\/vclatam.org\/wp-content\/uploads\/2024\/09\/Imagen-de-WhatsApp-2024-09-06-a-las-08.47.01_4aaa24e9-205x300.jpg 205w, https:\/\/vclatam.org\/wp-content\/uploads\/2024\/09\/Imagen-de-WhatsApp-2024-09-06-a-las-08.47.01_4aaa24e9-699x1024.jpg 699w, https:\/\/vclatam.org\/wp-content\/uploads\/2024\/09\/Imagen-de-WhatsApp-2024-09-06-a-las-08.47.01_4aaa24e9-768x1125.jpg 768w\" sizes=\"(max-width: 874px) 100vw, 874px\" \/><\/figure><div class=\"elementor-image-box-content\"><h3 class=\"elementor-image-box-title\">Doris Waterman<\/h3><p class=\"elementor-image-box-description\">\nLogistica<\/p><\/div><\/div>\t\t\t\t<\/div>\n\t\t\t\t<\/div>\n\t\t\t\t<\/div>\n\t\t<div data-particle_enable=\"false\" data-particle-mobile-disabled=\"false\" class=\"elementor-element elementor-element-f99dca4 e-con-full e-flex e-con e-child\" data-id=\"f99dca4\" data-element_type=\"container\">\n\t\t\t\t<div class=\"elementor-element elementor-element-f59f340 elementor-position-top elementor-widget elementor-widget-image-box\" data-id=\"f59f340\" data-element_type=\"widget\" data-widget_type=\"image-box.default\">\n\t\t\t\t<div class=\"elementor-widget-container\">\n\t\t\t\t\t<div class=\"elementor-image-box-wrapper\"><figure class=\"elementor-image-box-img\"><img loading=\"lazy\" decoding=\"async\" width=\"1029\" height=\"1331\" src=\"https:\/\/vclatam.org\/wp-content\/uploads\/2024\/09\/ComisionVideoyFoto.jpg\" class=\"attachment-full size-full wp-image-830\" alt=\"\" srcset=\"https:\/\/vclatam.org\/wp-content\/uploads\/2024\/09\/ComisionVideoyFoto.jpg 1029w, https:\/\/vclatam.org\/wp-content\/uploads\/2024\/09\/ComisionVideoyFoto-232x300.jpg 232w, https:\/\/vclatam.org\/wp-content\/uploads\/2024\/09\/ComisionVideoyFoto-792x1024.jpg 792w, https:\/\/vclatam.org\/wp-content\/uploads\/2024\/09\/ComisionVideoyFoto-768x993.jpg 768w\" sizes=\"(max-width: 1029px) 100vw, 1029px\" \/><\/figure><div class=\"elementor-image-box-content\"><h3 class=\"elementor-image-box-title\">Leider Mendoza<\/h3><p class=\"elementor-image-box-description\">Video y Fotograf\u00eda<\/p><\/div><\/div>\t\t\t\t<\/div>\n\t\t\t\t<\/div>\n\t\t\t\t<\/div>\n\t\t<div data-particle_enable=\"false\" data-particle-mobile-disabled=\"false\" class=\"elementor-element elementor-element-24c06c2 e-con-full e-flex e-con e-child\" data-id=\"24c06c2\" data-element_type=\"container\">\n\t\t\t\t<div class=\"elementor-element elementor-element-3e7b088 elementor-position-top elementor-widget elementor-widget-image-box\" data-id=\"3e7b088\" data-element_type=\"widget\" data-widget_type=\"image-box.default\">\n\t\t\t\t<div class=\"elementor-widget-container\">\n\t\t\t\t\t<div class=\"elementor-image-box-wrapper\"><figure class=\"elementor-image-box-img\"><img loading=\"lazy\" decoding=\"async\" width=\"488\" height=\"565\" src=\"https:\/\/vclatam.org\/wp-content\/uploads\/2024\/09\/yoli.jpg\" class=\"attachment-full size-full wp-image-802\" alt=\"\" srcset=\"https:\/\/vclatam.org\/wp-content\/uploads\/2024\/09\/yoli.jpg 488w, https:\/\/vclatam.org\/wp-content\/uploads\/2024\/09\/yoli-259x300.jpg 259w\" sizes=\"(max-width: 488px) 100vw, 488px\" \/><\/figure><div class=\"elementor-image-box-content\"><h3 class=\"elementor-image-box-title\">Yoli Arce<\/h3><p class=\"elementor-image-box-description\">Comunicaci\u00f3n Social<\/p><\/div><\/div>\t\t\t\t<\/div>\n\t\t\t\t<\/div>\n\t\t\t\t<\/div>\n\t\t<div data-particle_enable=\"false\" data-particle-mobile-disabled=\"false\" class=\"elementor-element elementor-element-abd1225 e-con-full e-flex e-con e-child\" data-id=\"abd1225\" data-element_type=\"container\">\n\t\t\t\t<div class=\"elementor-element elementor-element-8cd9ae1 elementor-position-top elementor-widget elementor-widget-image-box\" data-id=\"8cd9ae1\" data-element_type=\"widget\" data-widget_type=\"image-box.default\">\n\t\t\t\t<div class=\"elementor-widget-container\">\n\t\t\t\t\t<div class=\"elementor-image-box-wrapper\"><figure class=\"elementor-image-box-img\"><img loading=\"lazy\" decoding=\"async\" width=\"1280\" height=\"853\" src=\"https:\/\/vclatam.org\/wp-content\/uploads\/2024\/09\/Imagen-de-WhatsApp-2024-09-06-a-las-10.16.32_86f88f43.jpg\" class=\"attachment-full size-full wp-image-801\" alt=\"\" srcset=\"https:\/\/vclatam.org\/wp-content\/uploads\/2024\/09\/Imagen-de-WhatsApp-2024-09-06-a-las-10.16.32_86f88f43.jpg 1280w, https:\/\/vclatam.org\/wp-content\/uploads\/2024\/09\/Imagen-de-WhatsApp-2024-09-06-a-las-10.16.32_86f88f43-300x200.jpg 300w, https:\/\/vclatam.org\/wp-content\/uploads\/2024\/09\/Imagen-de-WhatsApp-2024-09-06-a-las-10.16.32_86f88f43-1024x682.jpg 1024w, https:\/\/vclatam.org\/wp-content\/uploads\/2024\/09\/Imagen-de-WhatsApp-2024-09-06-a-las-10.16.32_86f88f43-768x512.jpg 768w\" sizes=\"(max-width: 1280px) 100vw, 1280px\" \/><\/figure><div class=\"elementor-image-box-content\"><h3 class=\"elementor-image-box-title\">Antonio Barrera<\/h3><p class=\"elementor-image-box-description\">Video y Fotografia<\/p><\/div><\/div>\t\t\t\t<\/div>\n\t\t\t\t<\/div>\n\t\t\t\t<\/div>\n\t\t\t\t\t<\/div>\n\t\t\t\t<\/div>\n\t\t\t\t<\/div>\n\t\t","protected":false},"excerpt":{"rendered":"<p>Conoce Nuestro Equipo \u201cA donde nos gu\u00edes iremos\u201d Karla Castillo CoordinadoraPanam\u00e1 Leonardo Ram\u00edrez Coordinador Guatemala Guadalupe Fonseca Coordinadora Argentina Edwyn [&hellip;]<\/p>\n","protected":false},"author":1,"featured_media":0,"parent":0,"menu_order":0,"comment_status":"closed","ping_status":"closed","template":"","meta":{"site-sidebar-layout":"no-sidebar","site-content-layout":"","ast-site-content-layout":"full-width-container","site-content-style":"default","site-sidebar-style":"default","ast-global-header-display":"","ast-banner-title-visibility":"","ast-main-header-display":"","ast-hfb-above-header-display":"","ast-hfb-below-header-display":"","ast-hfb-mobile-header-display":"","site-post-title":"disabled","ast-breadcrumbs-content":"","ast-featured-img":"disabled","footer-sml-layout":"","ast-disable-related-posts":"","theme-transparent-header-meta":"","adv-header-id-meta":"","stick-header-meta":"","header-above-stick-meta":"","header-main-stick-meta":"","header-below-stick-meta":"","astra-migrate-meta-layouts":"default","ast-page-background-enabled":"default","ast-page-background-meta":{"desktop":{"background-color":"var(--ast-global-color-4)","background-image":"","background-repeat":"repeat","background-position":"center center","background-size":"auto","background-attachment":"scroll","background-type":"","background-media":"","overlay-type":"","overlay-color":"","overlay-opacity":"","overlay-gradient":""},"tablet":{"background-color":"","background-image":"","background-repeat":"repeat","background-position":"center center","background-size":"auto","background-attachment":"scroll","background-type":"","background-media":"","overlay-type":"","overlay-color":"","overlay-opacity":"","overlay-gradient":""},"mobile":{"background-color":"","background-image":"","background-repeat":"repeat","background-position":"center center","background-size":"auto","background-attachment":"scroll","background-type":"","background-media":"","overlay-type":"","overlay-color":"","overlay-opacity":"","overlay-gradient":""}},"ast-content-background-meta":{"desktop":{"background-color":"var(--ast-global-color-5)","background-image":"","background-repeat":"repeat","background-position":"center center","background-size":"auto","background-attachment":"scroll","background-type":"","background-media":"","overlay-type":"","overlay-color":"","overlay-opacity":"","overlay-gradient":""},"tablet":{"background-color":"var(--ast-global-color-5)","background-image":"","background-repeat":"repeat","background-position":"center center","background-size":"auto","background-attachment":"scroll","background-type":"","background-media":"","overlay-type":"","overlay-color":"","overlay-opacity":"","overlay-gradient":""},"mobile":{"background-color":"var(--ast-global-color-5)","background-image":"","background-repeat":"repeat","background-position":"center center","background-size":"auto","background-attachment":"scroll","background-type":"","background-media":"","overlay-type":"","overlay-color":"","overlay-opacity":"","overlay-gradient":""}},"footnotes":""},"_links":{"self":[{"href":"https:\/\/vclatam.org\/index.php\/wp-json\/wp\/v2\/pages\/779"}],"collection":[{"href":"https:\/\/vclatam.org\/index.php\/wp-json\/wp\/v2\/pages"}],"about":[{"href":"https:\/\/vclatam.org\/index.php\/wp-json\/wp\/v2\/types\/page"}],"author":[{"embeddable":true,"href":"https:\/\/vclatam.org\/index.php\/wp-json\/wp\/v2\/users\/1"}],"replies":[{"embeddable":true,"href":"https:\/\/vclatam.org\/index.php\/wp-json\/wp\/v2\/comments?post=779"}],"version-history":[{"count":31,"href":"https:\/\/vclatam.org\/index.php\/wp-json\/wp\/v2\/pages\/779\/revisions"}],"predecessor-version":[{"id":1015,"href":"https:\/\/vclatam.org\/index.php\/wp-json\/wp\/v2\/pages\/779\/revisions\/1015"}],"wp:attachment":[{"href":"https:\/\/vclatam.org\/index.php\/wp-json\/wp\/v2\/media?parent=779"}],"curies":[{"name":"wp","href":"https:\/\/api.w.org\/{rel}","templated":true}]}}